{"id":48,"date":"2014-03-29T02:51:43","date_gmt":"2014-03-29T00:51:43","guid":{"rendered":"http:\/\/www.basakakbay.com.tr\/basak\/?page_id=48"},"modified":"2014-03-30T02:33:55","modified_gmt":"2014-03-30T00:33:55","slug":"gecmisten","status":"publish","type":"page","link":"https:\/\/www.basakakbay.com.tr\/?page_id=48","title":{"rendered":"&#8211; GE\u00c7M\u0130\u015eTEN&#8230;"},"content":{"rendered":"<style type=\"text\/css\">\n\t\t\t#gallery-1 {\n\t\t\t\tmargin: auto;\n\t\t\t}\n\t\t\t#gallery-1 .gallery-item {\n\t\t\t\tfloat: left;\n\t\t\t\tmargin-top: 10px;\n\t\t\t\ttext-align: center;\n\t\t\t\twidth: 33%;\n\t\t\t}\n\t\t\t#gallery-1 img {\n\t\t\t\tborder: 2px solid #cfcfcf;\n\t\t\t}\n\t\t\t#gallery-1 .gallery-caption {\n\t\t\t\tmargin-left: 0;\n\t\t\t}\n\t\t\t\/* see gallery_shortcode() in wp-includes\/media.php *\/\n\t\t<\/style>\n<div id='gallery-1' class='gallery galleryid-48 gallery-columns-3 gallery-size-thumbnail'>\n<dl class='gallery-item'>\n<dt class='gallery-icon portrait'>\n\t\t\t\t<a href='https:\/\/www.basakakbay.com.tr\/?attachment_id=109' class=\"prettyPhoto\" rel=\"prettyPhoto[gallery]\" ><img loading=\"lazy\" decoding=\"async\" width=\"150\" height=\"150\" src=\"https:\/\/www.basakakbay.com.tr\/wp-content\/uploads\/2014\/03\/g7-150x150.jpg\" class=\"attachment-thumbnail size-thumbnail\" alt=\"\" \/><\/a>\n\t\t\t<\/dt>\n<\/dl>\n<dl class='gallery-item'>\n<dt class='gallery-icon portrait'>\n\t\t\t\t<a href='https:\/\/www.basakakbay.com.tr\/?attachment_id=110' class=\"prettyPhoto\" rel=\"prettyPhoto[gallery]\" ><img loading=\"lazy\" decoding=\"async\" width=\"150\" height=\"150\" src=\"https:\/\/www.basakakbay.com.tr\/wp-content\/uploads\/2014\/03\/g8-150x150.jpg\" class=\"attachment-thumbnail size-thumbnail\" alt=\"\" \/><\/a>\n\t\t\t<\/dt>\n<\/dl>\n<dl class='gallery-item'>\n<dt class='gallery-icon portrait'>\n\t\t\t\t<a href='https:\/\/www.basakakbay.com.tr\/?attachment_id=111' class=\"prettyPhoto\" rel=\"prettyPhoto[gallery]\" ><img loading=\"lazy\" decoding=\"async\" width=\"150\" height=\"150\" src=\"https:\/\/www.basakakbay.com.tr\/wp-content\/uploads\/2014\/03\/g9-150x150.jpg\" class=\"attachment-thumbnail size-thumbnail\" alt=\"\" \/><\/a>\n\t\t\t<\/dt>\n<\/dl>\n<p><br style=\"clear: both\" \/><\/p>\n<dl class='gallery-item'>\n<dt class='gallery-icon landscape'>\n\t\t\t\t<a href='https:\/\/www.basakakbay.com.tr\/?attachment_id=112' class=\"prettyPhoto\" rel=\"prettyPhoto[gallery]\" ><img loading=\"lazy\" decoding=\"async\" width=\"150\" height=\"150\" src=\"https:\/\/www.basakakbay.com.tr\/wp-content\/uploads\/2014\/03\/g1-150x150.jpg\" class=\"attachment-thumbnail size-thumbnail\" alt=\"\" \/><\/a>\n\t\t\t<\/dt>\n<\/dl>\n<dl class='gallery-item'>\n<dt class='gallery-icon landscape'>\n\t\t\t\t<a href='https:\/\/www.basakakbay.com.tr\/?attachment_id=113' class=\"prettyPhoto\" rel=\"prettyPhoto[gallery]\" ><img loading=\"lazy\" decoding=\"async\" width=\"150\" height=\"150\" src=\"https:\/\/www.basakakbay.com.tr\/wp-content\/uploads\/2014\/03\/g2-150x150.jpg\" class=\"attachment-thumbnail size-thumbnail\" alt=\"\" \/><\/a>\n\t\t\t<\/dt>\n<\/dl>\n<dl class='gallery-item'>\n<dt class='gallery-icon portrait'>\n\t\t\t\t<a href='https:\/\/www.basakakbay.com.tr\/?attachment_id=114' class=\"prettyPhoto\" rel=\"prettyPhoto[gallery]\" ><img loading=\"lazy\" decoding=\"async\" width=\"150\" height=\"150\" src=\"https:\/\/www.basakakbay.com.tr\/wp-content\/uploads\/2014\/03\/g3-150x150.jpg\" class=\"attachment-thumbnail size-thumbnail\" alt=\"\" \/><\/a>\n\t\t\t<\/dt>\n<\/dl>\n<p><br style=\"clear: both\" \/><\/p>\n<dl class='gallery-item'>\n<dt class='gallery-icon portrait'>\n\t\t\t\t<a href='https:\/\/www.basakakbay.com.tr\/?attachment_id=115' class=\"prettyPhoto\" rel=\"prettyPhoto[gallery]\" ><img loading=\"lazy\" decoding=\"async\" width=\"150\" height=\"150\" src=\"https:\/\/www.basakakbay.com.tr\/wp-content\/uploads\/2014\/03\/g4-150x150.jpg\" class=\"attachment-thumbnail size-thumbnail\" alt=\"\" \/><\/a>\n\t\t\t<\/dt>\n<\/dl>\n<dl class='gallery-item'>\n<dt class='gallery-icon portrait'>\n\t\t\t\t<a href='https:\/\/www.basakakbay.com.tr\/?attachment_id=116' class=\"prettyPhoto\" rel=\"prettyPhoto[gallery]\" ><img loading=\"lazy\" decoding=\"async\" width=\"150\" height=\"150\" src=\"https:\/\/www.basakakbay.com.tr\/wp-content\/uploads\/2014\/03\/g5-150x150.jpg\" class=\"attachment-thumbnail size-thumbnail\" alt=\"\" \/><\/a>\n\t\t\t<\/dt>\n<\/dl>\n<dl class='gallery-item'>\n<dt class='gallery-icon portrait'>\n\t\t\t\t<a href='https:\/\/www.basakakbay.com.tr\/?attachment_id=117' class=\"prettyPhoto\" rel=\"prettyPhoto[gallery]\" ><img loading=\"lazy\" decoding=\"async\" width=\"150\" height=\"150\" src=\"https:\/\/www.basakakbay.com.tr\/wp-content\/uploads\/2014\/03\/g6-150x150.jpg\" class=\"attachment-thumbnail size-thumbnail\" alt=\"\" \/><\/a>\n\t\t\t<\/dt>\n<\/dl>\n<p><br style=\"clear: both\" \/>\n\t\t<\/div>\n","protected":false},"excerpt":{"rendered":"","protected":false},"author":1,"featured_media":0,"parent":0,"menu_order":0,"comment_status":"open","ping_status":"closed","template":"template-gallery-height.php","meta":{"footnotes":""},"_links":{"self":[{"href":"https:\/\/www.basakakbay.com.tr\/index.php?rest_route=\/wp\/v2\/pages\/48"}],"collection":[{"href":"https:\/\/www.basakakbay.com.tr\/index.php?rest_route=\/wp\/v2\/pages"}],"about":[{"href":"https:\/\/www.basakakbay.com.tr\/index.php?rest_route=\/wp\/v2\/types\/page"}],"author":[{"embeddable":true,"href":"https:\/\/www.basakakbay.com.tr\/index.php?rest_route=\/wp\/v2\/users\/1"}],"replies":[{"embeddable":true,"href":"https:\/\/www.basakakbay.com.tr\/index.php?rest_route=%2Fwp%2Fv2%2Fcomments&post=48"}],"version-history":[{"count":4,"href":"https:\/\/www.basakakbay.com.tr\/index.php?rest_route=\/wp\/v2\/pages\/48\/revisions"}],"predecessor-version":[{"id":200,"href":"https:\/\/www.basakakbay.com.tr\/index.php?rest_route=\/wp\/v2\/pages\/48\/revisions\/200"}],"wp:attachment":[{"href":"https:\/\/www.basakakbay.com.tr\/index.php?rest_route=%2Fwp%2Fv2%2Fmedia&parent=48"}],"curies":[{"name":"wp","href":"https:\/\/api.w.org\/{rel}","templated":true}]}}